{"id":131,"date":"2020-09-28T23:22:33","date_gmt":"2020-09-28T21:22:33","guid":{"rendered":"http:\/\/www.lagranadadeoro.com\/blog\/?p=131"},"modified":"2025-07-20T21:47:10","modified_gmt":"2025-07-20T19:47:10","slug":"loteria-navidad-empresas-o-grupos","status":"publish","type":"page","link":"https:\/\/www.lagranadadelafortuna.com\/blog\/loteria-navidad-empresas-o-grupos\/","title":{"rendered":"Loteria Online para Grupos"},"content":{"rendered":"<hr \/>\n<h1 style=\"text-align: center;\"><a href=\"https:\/\/www.lagranadadeoro.com\/loteria-navidad\/\">LOTER\u00cdA DE NAVIDAD<\/a> PARA EMPRESAS O GRUPOS<\/h1>\n<p style=\"text-align: center;\">Con la loter\u00eda de Navidad online es muy facil organizar la loteria de empresa. Solo tienes que elegir el n\u00famero, lo dem\u00e1s es autom\u00e1tico. En 24 horas te hacemos GRATIS un PORTAL PRIVADO para COMPARTIR tu D\u00c9CIMO DE NAVIDAD ONLINE\u00a0 en tu empresa, o entre familiares y amigos.<\/p>\n<hr \/>\n<div class=\"sek-section sek-has-modules \" data-sek-level=\"section\" data-sek-id=\"__nimble__0001d6f7d883\">\n<div class=\"sek-container-fluid\">\n<div class=\"sek-row sek-sektion-inner\">\n<div class=\"sek-column sek-col-base sek-global-custom-breakpoint-col-100 \" data-sek-level=\"column\" data-sek-id=\"__nimble__b8362883a68d\">\n<div class=\"sek-column-inner \">\n<div class=\"sek-module \" data-sek-level=\"module\" data-sek-id=\"__nimble__e03e817ffc64\" data-sek-module-type=\"czr_tiny_mce_editor_module\">\n<div class=\"sek-module-inner\"><\/div>\n<\/div>\n<\/div>\n<\/div>\n<\/div>\n<\/div>\n<\/div>\n<h2 style=\"text-align: center;\"><strong>Aqui te explicamos c\u00f3mo funciona&#8230;<\/strong><\/h2>\n<h2 style=\"text-align: center;\"><strong>1. TE HACEMOS GRATIS UNA WEB PRIVADA CON EL D\u00c9CIMO ELEGIDO<br \/>\n<\/strong><\/h2>\n<p style=\"text-align: center;\"><img loading=\"lazy\" decoding=\"async\" class=\" wp-image-677 aligncenter\" src=\"https:\/\/www.lagranadadeoro.com\/blog\/wp-content\/uploads\/2020\/10\/WEB-FAMILIA-Nuestro-decimo-va-a-tocar-1024x691.png\" alt=\"Web de loteria de navidad para familias y amigos\" width=\"864\" height=\"583\" srcset=\"https:\/\/www.lagranadadelafortuna.com\/blog\/wp-content\/uploads\/2020\/10\/WEB-FAMILIA-Nuestro-decimo-va-a-tocar-1024x691.png 1024w, https:\/\/www.lagranadadelafortuna.com\/blog\/wp-content\/uploads\/2020\/10\/WEB-FAMILIA-Nuestro-decimo-va-a-tocar-300x202.png 300w, https:\/\/www.lagranadadelafortuna.com\/blog\/wp-content\/uploads\/2020\/10\/WEB-FAMILIA-Nuestro-decimo-va-a-tocar-768x518.png 768w, https:\/\/www.lagranadadelafortuna.com\/blog\/wp-content\/uploads\/2020\/10\/WEB-FAMILIA-Nuestro-decimo-va-a-tocar.png 1146w\" sizes=\"auto, (max-width: 864px) 100vw, 864px\" \/><\/p>\n<p>&nbsp;<\/p>\n<h2 style=\"text-align: center;\"><strong>2. TUS FAMILIARES, AMIGOS O COMPA\u00d1EROS ACCEDEN AL D\u00c9CIMO POR EL M\u00d3VIL O TABLET.<br \/>\n<\/strong><\/h2>\n<h2><img loading=\"lazy\" decoding=\"async\" class=\"wp-image-257 aligncenter\" src=\"http:\/\/www.lagranadadeoro.com\/blog\/wp-content\/uploads\/2020\/10\/Como-jugar-loteria-online-768x1024.jpg\" alt=\"Como comprar loteria online por movl\" width=\"292\" height=\"390\" \/><\/h2>\n<h2><\/h2>\n<h2 style=\"text-align: center;\"><strong>2.\u00a0 REGISTRARSE (POSTERIORMENTE RECIBIR\u00c1 LA CONFIRMACI\u00d3N DE COMPRA POR EMAIL).<br \/>\n<\/strong><\/h2>\n<h4><img loading=\"lazy\" decoding=\"async\" class=\"wp-image-262 size-medium aligncenter\" src=\"http:\/\/www.lagranadadeoro.com\/blog\/wp-content\/uploads\/2020\/10\/Registrarse-225x300.jpg\" alt=\"Para jugar loteria online hay que registrarse\" width=\"225\" height=\"300\" srcset=\"https:\/\/www.lagranadadelafortuna.com\/blog\/wp-content\/uploads\/2020\/10\/Registrarse-225x300.jpg 225w, https:\/\/www.lagranadadelafortuna.com\/blog\/wp-content\/uploads\/2020\/10\/Registrarse-768x1024.jpg 768w, https:\/\/www.lagranadadelafortuna.com\/blog\/wp-content\/uploads\/2020\/10\/Registrarse-1152x1536.jpg 1152w, https:\/\/www.lagranadadelafortuna.com\/blog\/wp-content\/uploads\/2020\/10\/Registrarse-1536x2048.jpg 1536w, https:\/\/www.lagranadadelafortuna.com\/blog\/wp-content\/uploads\/2020\/10\/Registrarse-scaled.jpg 1920w\" sizes=\"auto, (max-width: 225px) 100vw, 225px\" \/><\/h4>\n<h2 style=\"text-align: center;\"><strong>4. PAGO POR TARJETA (VISA, MASTERCARD, SERVIRED), TRANSFERENCIA O POR BIZUM<br \/>\n<\/strong><\/h2>\n<h4 style=\"text-align: center;\"><strong><img loading=\"lazy\" decoding=\"async\" class=\"wp-image-263 size-medium aligncenter\" src=\"http:\/\/www.lagranadadeoro.com\/blog\/wp-content\/uploads\/2020\/10\/Pagara-con-tarjeta-de-credito-225x300.jpg\" alt=\"Comprar loteria online y pagar con tarjeta de credito\" width=\"225\" height=\"300\" srcset=\"https:\/\/www.lagranadadelafortuna.com\/blog\/wp-content\/uploads\/2020\/10\/Pagara-con-tarjeta-de-credito-225x300.jpg 225w, https:\/\/www.lagranadadelafortuna.com\/blog\/wp-content\/uploads\/2020\/10\/Pagara-con-tarjeta-de-credito-768x1024.jpg 768w, https:\/\/www.lagranadadelafortuna.com\/blog\/wp-content\/uploads\/2020\/10\/Pagara-con-tarjeta-de-credito-1152x1536.jpg 1152w, https:\/\/www.lagranadadelafortuna.com\/blog\/wp-content\/uploads\/2020\/10\/Pagara-con-tarjeta-de-credito-1536x2048.jpg 1536w, https:\/\/www.lagranadadelafortuna.com\/blog\/wp-content\/uploads\/2020\/10\/Pagara-con-tarjeta-de-credito-scaled.jpg 1920w\" sizes=\"auto, (max-width: 225px) 100vw, 225px\" \/><\/strong><\/h4>\n<h2 style=\"text-align: center;\"><strong>5. RECIBE UN EMAIL DE CONFIRMACI\u00d3N PARA DESCARGAR EL\u00a0 D\u00c9CIMO ELECTR\u00d3NICO.<br \/>\n<\/strong><\/h2>\n<h4 style=\"text-align: center;\"><strong>TAMBI\u00c9N ES POSIBLE EL ENV\u00cdO A DOMICILIO DEL D\u00c9CIMO (Cargo extra por mensajer\u00eda 10\u20ac)<br \/>\n<\/strong><\/h4>\n<h4 style=\"text-align: center;\"><strong>o RECOGIDA EN NUESTRA ADMINISTRACION en Avda Constituci\u00f3n 26, Granada.<br \/>\n<\/strong><\/h4>\n<p>&nbsp;<\/p>\n<p style=\"text-align: center;\"><img loading=\"lazy\" decoding=\"async\" class=\" wp-image-1277 aligncenter\" src=\"https:\/\/www.lagranadadelafortuna.com\/blog\/wp-content\/uploads\/2025\/01\/decimo-electronico-borrados-datos-212x300.png\" alt=\"\" width=\"232\" height=\"328\" srcset=\"https:\/\/www.lagranadadelafortuna.com\/blog\/wp-content\/uploads\/2025\/01\/decimo-electronico-borrados-datos-212x300.png 212w, https:\/\/www.lagranadadelafortuna.com\/blog\/wp-content\/uploads\/2025\/01\/decimo-electronico-borrados-datos.png 291w\" sizes=\"auto, (max-width: 232px) 100vw, 232px\" \/><\/p>\n<h4 style=\"padding-left: 600px;\"><\/h4>\n<hr \/>\n<h4><img loading=\"lazy\" decoding=\"async\" class=\" wp-image-132 alignleft\" src=\"http:\/\/www.lagranadadeoro.com\/blog\/wp-content\/uploads\/2020\/09\/servicios4.png\" alt=\"loteria online - facil y seguro\" width=\"138\" height=\"138\" srcset=\"https:\/\/www.lagranadadelafortuna.com\/blog\/wp-content\/uploads\/2020\/09\/servicios4.png 200w, https:\/\/www.lagranadadelafortuna.com\/blog\/wp-content\/uploads\/2020\/09\/servicios4-150x150.png 150w, https:\/\/www.lagranadadelafortuna.com\/blog\/wp-content\/uploads\/2020\/09\/servicios4-80x80.png 80w\" sizes=\"auto, (max-width: 138px) 100vw, 138px\" \/><\/h4>\n<h3 class=\"txt-info-empr\"><span dir=\"ltr\" lang=\"es\"><span style=\"color: #9a8419;\">SERVICIO GRATUITO Y NO TIENES QUE OCUPARTE DE NADA<\/span><br \/>\n<\/span><\/h3>\n<p class=\"info-empre\"><span dir=\"ltr\" lang=\"es\">Servicio gratuito. No tienes que adelantar dinero. Tampoco tienes que devolver decimos. Lo \u00fanico que tienes que hacer es elegir el n\u00famero del d\u00e9cimo de loteria. Lo d\u00e9mas se hace online, de forma autom\u00e1tica.<\/span><\/p>\n<p>&nbsp;<\/p>\n<p>&nbsp;<\/p>\n<hr \/>\n<p><img loading=\"lazy\" decoding=\"async\" class=\"size-full wp-image-134 alignleft\" src=\"http:\/\/www.lagranadadeoro.com\/blog\/wp-content\/uploads\/2020\/09\/servicios6-e1601326575738.png\" alt=\"Con la loteria online de empresas nada de lo que ocuparte\" width=\"138\" height=\"138\" \/><\/p>\n<h3 class=\"info-empre\"><span dir=\"ltr\" lang=\"es\" style=\"color: #9a8419;\">D\u00c9CIMOS EN FORMATO ELECTR\u00d3NICO O ENV\u00cdO A DOMICILIO. PREMIOS SE INGRESAN EN CUENTA.<br \/>\n<\/span><\/h3>\n<p class=\"info-empre\">Los d\u00e9cimos se reciben en formato electr\u00f3nico, tambi\u00e9n os podemos hacer llegar los d\u00e9cimos en papel (cargo extra por env\u00edo 10\u20ac) . <span dir=\"ltr\" lang=\"es\">El escrutinio es autom\u00e1tico y &#8230; \u00a1si toca!! \u00a1que va a tocar!! los premios se ingresan autom\u00e1ticamente en la cuenta de cada usuario.<\/span><\/p>\n<h2 style=\"text-align: center;\"><a href=\"https:\/\/www.lagranadadelafortuna.com\/contacto\/\"><span style=\"color: #800000;\"><strong>Cont\u00e1ctanos<\/strong><\/span><\/a><\/h2>\n<hr \/>\n","protected":false},"excerpt":{"rendered":"<p>LOTER\u00cdA DE NAVIDAD PARA EMPRESAS O GRUPOS Con la loter\u00eda de Navidad online es muy facil organizar la loteria de empresa. Solo tienes que elegir el n\u00famero, lo dem\u00e1s es autom\u00e1tico. En 24 horas&#46;&#46;&#46;<\/p>\n","protected":false},"author":1,"featured_media":0,"parent":0,"menu_order":0,"comment_status":"closed","ping_status":"closed","template":"page-templates\/child-menu.php","meta":{"footnotes":""},"class_list":["post-131","page","type-page","status-publish","hentry"],"yoast_head":"<!-- This site is optimized with the Yoast SEO plugin v25.3.1 - https:\/\/yoast.com\/wordpress\/plugins\/seo\/ -->\r\n<title>Loteria Online para Grupos -<\/title>\r\n<meta name=\"description\" content=\"Con la loter\u00eda de Navidad online es muy facil organizar la loteria de empresa. Solo tienes que elegir el numero, lo dem\u00e1s es autom\u00e1tico.\" \/>\r\n<meta name=\"robots\" content=\"index, follow, max-snippet:-1, max-image-preview:large, max-video-preview:-1\" \/>\r\n<link rel=\"canonical\" href=\"https:\/\/www.lagranadadelafortuna.com\/blog\/loteria-navidad-empresas-o-grupos\/\" \/>\r\n<meta property=\"og:locale\" content=\"es_ES\" \/>\r\n<meta property=\"og:type\" content=\"article\" \/>\r\n<meta property=\"og:title\" content=\"Loteria Online para Grupos -\" \/>\r\n<meta property=\"og:description\" content=\"Con la loter\u00eda de Navidad online es muy facil organizar la loteria de empresa. Solo tienes que elegir el numero, lo dem\u00e1s es autom\u00e1tico.\" \/>\r\n<meta property=\"og:url\" content=\"https:\/\/www.lagranadadelafortuna.com\/blog\/loteria-navidad-empresas-o-grupos\/\" \/>\r\n<meta property=\"article:modified_time\" content=\"2025-07-20T19:47:10+00:00\" \/>\r\n<meta property=\"og:image\" content=\"https:\/\/www.lagranadadelafortuna.com\/blog\/wp-content\/uploads\/2020\/10\/WEB-FAMILIA-Nuestro-decimo-va-a-tocar.png\" \/>\r\n\t<meta property=\"og:image:width\" content=\"1146\" \/>\r\n\t<meta property=\"og:image:height\" content=\"773\" \/>\r\n\t<meta property=\"og:image:type\" content=\"image\/png\" \/>\r\n<meta name=\"twitter:card\" content=\"summary_large_image\" \/>\r\n<meta name=\"twitter:label1\" content=\"Tiempo de lectura\" \/>\n\t<meta name=\"twitter:data1\" content=\"3 minutos\" \/>\r\n<script type=\"application\/ld+json\" class=\"yoast-schema-graph\">{\"@context\":\"https:\/\/schema.org\",\"@graph\":[{\"@type\":\"WebPage\",\"@id\":\"https:\/\/www.lagranadadelafortuna.com\/blog\/loteria-navidad-empresas-o-grupos\/\",\"url\":\"https:\/\/www.lagranadadelafortuna.com\/blog\/loteria-navidad-empresas-o-grupos\/\",\"name\":\"Loteria Online para Grupos -\",\"isPartOf\":{\"@id\":\"https:\/\/www.lagranadadelafortuna.com\/blog\/#website\"},\"primaryImageOfPage\":{\"@id\":\"https:\/\/www.lagranadadelafortuna.com\/blog\/loteria-navidad-empresas-o-grupos\/#primaryimage\"},\"image\":{\"@id\":\"https:\/\/www.lagranadadelafortuna.com\/blog\/loteria-navidad-empresas-o-grupos\/#primaryimage\"},\"thumbnailUrl\":\"https:\/\/www.lagranadadeoro.com\/blog\/wp-content\/uploads\/2020\/10\/WEB-FAMILIA-Nuestro-decimo-va-a-tocar-1024x691.png\",\"datePublished\":\"2020-09-28T21:22:33+00:00\",\"dateModified\":\"2025-07-20T19:47:10+00:00\",\"description\":\"Con la loter\u00eda de Navidad online es muy facil organizar la loteria de empresa. Solo tienes que elegir el numero, lo dem\u00e1s es autom\u00e1tico.\",\"breadcrumb\":{\"@id\":\"https:\/\/www.lagranadadelafortuna.com\/blog\/loteria-navidad-empresas-o-grupos\/#breadcrumb\"},\"inLanguage\":\"es\",\"potentialAction\":[{\"@type\":\"ReadAction\",\"target\":[\"https:\/\/www.lagranadadelafortuna.com\/blog\/loteria-navidad-empresas-o-grupos\/\"]}]},{\"@type\":\"ImageObject\",\"inLanguage\":\"es\",\"@id\":\"https:\/\/www.lagranadadelafortuna.com\/blog\/loteria-navidad-empresas-o-grupos\/#primaryimage\",\"url\":\"https:\/\/www.lagranadadeoro.com\/blog\/wp-content\/uploads\/2020\/10\/WEB-FAMILIA-Nuestro-decimo-va-a-tocar-1024x691.png\",\"contentUrl\":\"https:\/\/www.lagranadadeoro.com\/blog\/wp-content\/uploads\/2020\/10\/WEB-FAMILIA-Nuestro-decimo-va-a-tocar-1024x691.png\"},{\"@type\":\"BreadcrumbList\",\"@id\":\"https:\/\/www.lagranadadelafortuna.com\/blog\/loteria-navidad-empresas-o-grupos\/#breadcrumb\",\"itemListElement\":[{\"@type\":\"ListItem\",\"position\":1,\"name\":\"Portada\",\"item\":\"https:\/\/www.lagranadadelafortuna.com\/blog\/\"},{\"@type\":\"ListItem\",\"position\":2,\"name\":\"Loteria Online para Grupos\"}]},{\"@type\":\"WebSite\",\"@id\":\"https:\/\/www.lagranadadelafortuna.com\/blog\/#website\",\"url\":\"https:\/\/www.lagranadadelafortuna.com\/blog\/\",\"name\":\"\",\"description\":\"Noticias y actualidad sobre loter\u00edas y juegos del Estado en Espana\",\"potentialAction\":[{\"@type\":\"SearchAction\",\"target\":{\"@type\":\"EntryPoint\",\"urlTemplate\":\"https:\/\/www.lagranadadelafortuna.com\/blog\/?s={search_term_string}\"},\"query-input\":{\"@type\":\"PropertyValueSpecification\",\"valueRequired\":true,\"valueName\":\"search_term_string\"}}],\"inLanguage\":\"es\"}]}<\/script>\r\n<!-- \/ Yoast SEO plugin. -->","yoast_head_json":{"title":"Loteria Online para Grupos -","description":"Con la loter\u00eda de Navidad online es muy facil organizar la loteria de empresa. Solo tienes que elegir el numero, lo dem\u00e1s es autom\u00e1tico.","robots":{"index":"index","follow":"follow","max-snippet":"max-snippet:-1","max-image-preview":"max-image-preview:large","max-video-preview":"max-video-preview:-1"},"canonical":"https:\/\/www.lagranadadelafortuna.com\/blog\/loteria-navidad-empresas-o-grupos\/","og_locale":"es_ES","og_type":"article","og_title":"Loteria Online para Grupos -","og_description":"Con la loter\u00eda de Navidad online es muy facil organizar la loteria de empresa. Solo tienes que elegir el numero, lo dem\u00e1s es autom\u00e1tico.","og_url":"https:\/\/www.lagranadadelafortuna.com\/blog\/loteria-navidad-empresas-o-grupos\/","article_modified_time":"2025-07-20T19:47:10+00:00","og_image":[{"width":1146,"height":773,"url":"https:\/\/www.lagranadadelafortuna.com\/blog\/wp-content\/uploads\/2020\/10\/WEB-FAMILIA-Nuestro-decimo-va-a-tocar.png","type":"image\/png"}],"twitter_card":"summary_large_image","twitter_misc":{"Tiempo de lectura":"3 minutos"},"schema":{"@context":"https:\/\/schema.org","@graph":[{"@type":"WebPage","@id":"https:\/\/www.lagranadadelafortuna.com\/blog\/loteria-navidad-empresas-o-grupos\/","url":"https:\/\/www.lagranadadelafortuna.com\/blog\/loteria-navidad-empresas-o-grupos\/","name":"Loteria Online para Grupos -","isPartOf":{"@id":"https:\/\/www.lagranadadelafortuna.com\/blog\/#website"},"primaryImageOfPage":{"@id":"https:\/\/www.lagranadadelafortuna.com\/blog\/loteria-navidad-empresas-o-grupos\/#primaryimage"},"image":{"@id":"https:\/\/www.lagranadadelafortuna.com\/blog\/loteria-navidad-empresas-o-grupos\/#primaryimage"},"thumbnailUrl":"https:\/\/www.lagranadadeoro.com\/blog\/wp-content\/uploads\/2020\/10\/WEB-FAMILIA-Nuestro-decimo-va-a-tocar-1024x691.png","datePublished":"2020-09-28T21:22:33+00:00","dateModified":"2025-07-20T19:47:10+00:00","description":"Con la loter\u00eda de Navidad online es muy facil organizar la loteria de empresa. Solo tienes que elegir el numero, lo dem\u00e1s es autom\u00e1tico.","breadcrumb":{"@id":"https:\/\/www.lagranadadelafortuna.com\/blog\/loteria-navidad-empresas-o-grupos\/#breadcrumb"},"inLanguage":"es","potentialAction":[{"@type":"ReadAction","target":["https:\/\/www.lagranadadelafortuna.com\/blog\/loteria-navidad-empresas-o-grupos\/"]}]},{"@type":"ImageObject","inLanguage":"es","@id":"https:\/\/www.lagranadadelafortuna.com\/blog\/loteria-navidad-empresas-o-grupos\/#primaryimage","url":"https:\/\/www.lagranadadeoro.com\/blog\/wp-content\/uploads\/2020\/10\/WEB-FAMILIA-Nuestro-decimo-va-a-tocar-1024x691.png","contentUrl":"https:\/\/www.lagranadadeoro.com\/blog\/wp-content\/uploads\/2020\/10\/WEB-FAMILIA-Nuestro-decimo-va-a-tocar-1024x691.png"},{"@type":"BreadcrumbList","@id":"https:\/\/www.lagranadadelafortuna.com\/blog\/loteria-navidad-empresas-o-grupos\/#breadcrumb","itemListElement":[{"@type":"ListItem","position":1,"name":"Portada","item":"https:\/\/www.lagranadadelafortuna.com\/blog\/"},{"@type":"ListItem","position":2,"name":"Loteria Online para Grupos"}]},{"@type":"WebSite","@id":"https:\/\/www.lagranadadelafortuna.com\/blog\/#website","url":"https:\/\/www.lagranadadelafortuna.com\/blog\/","name":"","description":"Noticias y actualidad sobre loter\u00edas y juegos del Estado en Espana","potentialAction":[{"@type":"SearchAction","target":{"@type":"EntryPoint","urlTemplate":"https:\/\/www.lagranadadelafortuna.com\/blog\/?s={search_term_string}"},"query-input":{"@type":"PropertyValueSpecification","valueRequired":true,"valueName":"search_term_string"}}],"inLanguage":"es"}]}},"_links":{"self":[{"href":"https:\/\/www.lagranadadelafortuna.com\/blog\/wp-json\/wp\/v2\/pages\/131","targetHints":{"allow":["GET"]}}],"collection":[{"href":"https:\/\/www.lagranadadelafortuna.com\/blog\/wp-json\/wp\/v2\/pages"}],"about":[{"href":"https:\/\/www.lagranadadelafortuna.com\/blog\/wp-json\/wp\/v2\/types\/page"}],"author":[{"embeddable":true,"href":"https:\/\/www.lagranadadelafortuna.com\/blog\/wp-json\/wp\/v2\/users\/1"}],"replies":[{"embeddable":true,"href":"https:\/\/www.lagranadadelafortuna.com\/blog\/wp-json\/wp\/v2\/comments?post=131"}],"version-history":[{"count":64,"href":"https:\/\/www.lagranadadelafortuna.com\/blog\/wp-json\/wp\/v2\/pages\/131\/revisions"}],"predecessor-version":[{"id":1441,"href":"https:\/\/www.lagranadadelafortuna.com\/blog\/wp-json\/wp\/v2\/pages\/131\/revisions\/1441"}],"wp:attachment":[{"href":"https:\/\/www.lagranadadelafortuna.com\/blog\/wp-json\/wp\/v2\/media?parent=131"}],"curies":[{"name":"wp","href":"https:\/\/api.w.org\/{rel}","templated":true}]}}